{"id":10265,"date":"2024-08-06T17:12:38","date_gmt":"2024-08-06T17:12:38","guid":{"rendered":"https:\/\/alfatherm.com\/zracna-luka-ruder-boskovic\/"},"modified":"2025-01-09T10:21:52","modified_gmt":"2025-01-09T10:21:52","slug":"ruder-boskovic-airport","status":"publish","type":"page","link":"https:\/\/alfatherm.com\/en\/ruder-boskovic-airport\/","title":{"rendered":"Ru\u0111er Bo\u0161kovi\u0107 Airport"},"content":{"rendered":"\t\t<div data-elementor-type=\"wp-page\" data-elementor-id=\"10265\" class=\"elementor elementor-10265 elementor-6623\" data-elementor-post-type=\"page\">\n\t\t\t\t\t\t<section class=\"elementor-section elementor-top-section elementor-element elementor-element-5e9bc78 qodef-elementor-content-grid elementor-section-boxed elementor-section-height-default elementor-section-height-default\" data-id=\"5e9bc78\" data-element_type=\"section\" data-e-type=\"section\">\n\t\t\t\t\t\t<div class=\"elementor-container elementor-column-gap-default\">\n\t\t\t\t\t<div class=\"elementor-column elementor-col-50 elementor-top-column elementor-element elementor-element-86ae85b elementor-invisible\" data-id=\"86ae85b\" data-element_type=\"column\" data-e-type=\"column\" data-settings=\"{&quot;background_background&quot;:&quot;classic&quot;,&quot;animation&quot;:&quot;slideInLeft&quot;}\">\n\t\t\t<div class=\"elementor-widget-wrap elementor-element-populated\">\n\t\t\t\t\t\t<div class=\"elementor-element elementor-element-bffa98c elementor-widget elementor-widget-image\" data-id=\"bffa98c\" data-element_type=\"widget\" data-e-type=\"widget\" data-widget_type=\"image.default\">\n\t\t\t\t<div class=\"elementor-widget-container\">\n\t\t\t\t\t\t\t\t\t\t\t\t\t\t\t<img fetchpriority=\"high\" decoding=\"async\" width=\"900\" height=\"900\" src=\"https:\/\/alfatherm.com\/wp-content\/uploads\/2024\/08\/aerodrom-1.jpg\" class=\"attachment-large size-large wp-image-9673\" alt=\"\" srcset=\"https:\/\/alfatherm.com\/wp-content\/uploads\/2024\/08\/aerodrom-1.jpg 900w, https:\/\/alfatherm.com\/wp-content\/uploads\/2024\/08\/aerodrom-1-300x300.jpg 300w, https:\/\/alfatherm.com\/wp-content\/uploads\/2024\/08\/aerodrom-1-150x150.jpg 150w, https:\/\/alfatherm.com\/wp-content\/uploads\/2024\/08\/aerodrom-1-768x768.jpg 768w, https:\/\/alfatherm.com\/wp-content\/uploads\/2024\/08\/aerodrom-1-650x650.jpg 650w, https:\/\/alfatherm.com\/wp-content\/uploads\/2024\/08\/aerodrom-1-82x82.jpg 82w\" sizes=\"(max-width: 900px) 100vw, 900px\" \/>\t\t\t\t\t\t\t\t\t\t\t\t\t\t\t<\/div>\n\t\t\t\t<\/div>\n\t\t\t\t\t<\/div>\n\t\t<\/div>\n\t\t\t\t<div class=\"elementor-column elementor-col-50 elementor-top-column elementor-element elementor-element-06d2ca7 elementor-invisible\" data-id=\"06d2ca7\" data-element_type=\"column\" data-e-type=\"column\" data-settings=\"{&quot;background_background&quot;:&quot;classic&quot;,&quot;animation&quot;:&quot;slideInRight&quot;}\">\n\t\t\t<div class=\"elementor-widget-wrap elementor-element-populated\">\n\t\t\t\t\t\t<div class=\"elementor-element elementor-element-a956883 elementor-widget elementor-widget-stal_core_section_title\" data-id=\"a956883\" data-element_type=\"widget\" data-e-type=\"widget\" data-widget_type=\"stal_core_section_title.default\">\n\t\t\t\t<div class=\"elementor-widget-container\">\n\t\t\t\t\t<div class=\"qodef-shortcode qodef-m  qodef-section-title qodef-alignment--left  \">\n\t\t<div class=\"qodef-m-title-wrap\">\n\t\t<h2 class=\"qodef-m-title\" >\n\t\t\t\t\tRu\u0111er Bo\u0161kovi\u0107 Airport\t\t\t<\/h2>\n\t\n\t<\/div>\n\t<\/div>\t\t\t\t<\/div>\n\t\t\t\t<\/div>\n\t\t\t\t<div class=\"elementor-element elementor-element-862bf91 elementor-widget elementor-widget-text-editor\" data-id=\"862bf91\" data-element_type=\"widget\" data-e-type=\"widget\" data-widget_type=\"text-editor.default\">\n\t\t\t\t<div class=\"elementor-widget-container\">\n\t\t\t\t\t\t\t\t\t<p><strong>CITY\/COUNTRY:<\/strong><br \/>Dubrovnik\/Croatia<\/p>\t\t\t\t\t\t\t\t<\/div>\n\t\t\t\t<\/div>\n\t\t\t\t<div class=\"elementor-element elementor-element-e286ca5 elementor-widget elementor-widget-text-editor\" data-id=\"e286ca5\" data-element_type=\"widget\" data-e-type=\"widget\" data-widget_type=\"text-editor.default\">\n\t\t\t\t<div class=\"elementor-widget-container\">\n\t\t\t\t\t\t\t\t\t<p><strong>AREA:<\/strong><br \/>25.000 m<sup>2<\/sup><\/p>\t\t\t\t\t\t\t\t<\/div>\n\t\t\t\t<\/div>\n\t\t\t\t<div class=\"elementor-element elementor-element-109157e elementor-widget elementor-widget-text-editor\" data-id=\"109157e\" data-element_type=\"widget\" data-e-type=\"widget\" data-widget_type=\"text-editor.default\">\n\t\t\t\t<div class=\"elementor-widget-container\">\n\t\t\t\t\t\t\t\t\t<p><strong>TYPE OF WORK:<\/strong><br \/>HVAC\/BMS installation<\/p>\t\t\t\t\t\t\t\t<\/div>\n\t\t\t\t<\/div>\n\t\t\t\t\t<\/div>\n\t\t<\/div>\n\t\t\t\t\t<\/div>\n\t\t<\/section>\n\t\t\t\t<section class=\"elementor-section elementor-top-section elementor-element elementor-element-b25962d qodef-elementor-content-grid elementor-section-boxed elementor-section-height-default elementor-section-height-default\" data-id=\"b25962d\" data-element_type=\"section\" data-e-type=\"section\" data-settings=\"{&quot;background_background&quot;:&quot;classic&quot;}\">\n\t\t\t\t\t\t<div class=\"elementor-container elementor-column-gap-default\">\n\t\t\t\t\t<div class=\"elementor-column elementor-col-100 elementor-top-column elementor-element elementor-element-89fcfdf\" data-id=\"89fcfdf\" data-element_type=\"column\" data-e-type=\"column\">\n\t\t\t<div class=\"elementor-widget-wrap elementor-element-populated\">\n\t\t\t\t\t\t<div class=\"elementor-element elementor-element-56711dd elementor-widget elementor-widget-text-editor\" data-id=\"56711dd\" data-element_type=\"widget\" data-e-type=\"widget\" data-widget_type=\"text-editor.default\">\n\t\t\t\t<div class=\"elementor-widget-container\">\n\t\t\t\t\t\t\t\t\t<p><strong>ABBREVIATIONS:<\/strong><br \/>HVAC \u2013 Heating, Ventilation and Air Conditioning<br \/>BMS \u2013 Building Management System<br \/>BU \u2013 Black Utilities<\/p>\t\t\t\t\t\t\t\t<\/div>\n\t\t\t\t<\/div>\n\t\t\t\t\t<\/div>\n\t\t<\/div>\n\t\t\t\t\t<\/div>\n\t\t<\/section>\n\t\t\t\t<section class=\"elementor-section elementor-top-section elementor-element elementor-element-f890b3a elementor-section-boxed elementor-section-height-default elementor-section-height-default qodef-elementor-content-no\" data-id=\"f890b3a\" data-element_type=\"section\" data-e-type=\"section\" data-settings=\"{&quot;background_background&quot;:&quot;classic&quot;}\">\n\t\t\t\t\t\t<div class=\"elementor-container elementor-column-gap-default\">\n\t\t\t\t\t<div class=\"elementor-column elementor-col-25 elementor-top-column elementor-element elementor-element-95eefa3\" data-id=\"95eefa3\" data-element_type=\"column\" data-e-type=\"column\">\n\t\t\t<div class=\"elementor-widget-wrap elementor-element-populated\">\n\t\t\t\t\t\t<div class=\"elementor-element elementor-element-22808e9 e-transform elementor-widget elementor-widget-stal_core_image_with_text\" data-id=\"22808e9\" data-element_type=\"widget\" data-e-type=\"widget\" data-settings=\"{&quot;_transform_scale_effect_hover&quot;:{&quot;unit&quot;:&quot;px&quot;,&quot;size&quot;:1.100000000000000088817841970012523233890533447265625,&quot;sizes&quot;:[]},&quot;_transform_scale_effect_hover_tablet&quot;:{&quot;unit&quot;:&quot;px&quot;,&quot;size&quot;:&quot;&quot;,&quot;sizes&quot;:[]},&quot;_transform_scale_effect_hover_mobile&quot;:{&quot;unit&quot;:&quot;px&quot;,&quot;size&quot;:&quot;&quot;,&quot;sizes&quot;:[]}}\" data-widget_type=\"stal_core_image_with_text.default\">\n\t\t\t\t<div class=\"elementor-widget-container\">\n\t\t\t\t\t<div class=\"qodef-shortcode qodef-m  qodef-image-with-text qodef-layout--text-below qodef--shadow-enabled qodef--with-link\">\n\t<div class=\"qodef-m-image\">\n\t\t\t<a itemprop=\"url\" href=\"https:\/\/alfatherm.com\/en\/aminess-khalani-hotel\/\" target=\"_self\">\n\t    \t\t<img decoding=\"async\" width=\"900\" height=\"900\" src=\"https:\/\/alfatherm.com\/wp-content\/uploads\/2024\/08\/khalani-1.jpg\" class=\"attachment-full size-full\" alt=\"\" srcset=\"https:\/\/alfatherm.com\/wp-content\/uploads\/2024\/08\/khalani-1.jpg 900w, https:\/\/alfatherm.com\/wp-content\/uploads\/2024\/08\/khalani-1-300x300.jpg 300w, https:\/\/alfatherm.com\/wp-content\/uploads\/2024\/08\/khalani-1-150x150.jpg 150w, https:\/\/alfatherm.com\/wp-content\/uploads\/2024\/08\/khalani-1-768x768.jpg 768w, https:\/\/alfatherm.com\/wp-content\/uploads\/2024\/08\/khalani-1-650x650.jpg 650w, https:\/\/alfatherm.com\/wp-content\/uploads\/2024\/08\/khalani-1-82x82.jpg 82w\" sizes=\"(max-width: 900px) 100vw, 900px\" \/>    \t\t\t<\/a>\n\t<\/div>\t<div class=\"qodef-m-content\">\n\t\t\t<h4 class=\"qodef-m-title\" style=\"margin-top: 20px\">\n\t\t\t\t\t<a itemprop=\"url\" href=\"https:\/\/alfatherm.com\/en\/aminess-khalani-hotel\/\" target=\"_self\">\n\t\t\t\t\tAminess Khalani Hotel\t\t\t\t\t<\/a>\n\t\t\t<\/h4>\n\t\t\t<\/div>\n<\/div>\t\t\t\t<\/div>\n\t\t\t\t<\/div>\n\t\t\t\t\t<\/div>\n\t\t<\/div>\n\t\t\t\t<div class=\"elementor-column elementor-col-25 elementor-top-column elementor-element elementor-element-9d849a5\" data-id=\"9d849a5\" data-element_type=\"column\" data-e-type=\"column\">\n\t\t\t<div class=\"elementor-widget-wrap elementor-element-populated\">\n\t\t\t\t\t\t<div class=\"elementor-element elementor-element-2fde472 e-transform elementor-widget elementor-widget-stal_core_image_with_text\" data-id=\"2fde472\" data-element_type=\"widget\" data-e-type=\"widget\" data-settings=\"{&quot;_transform_scale_effect_hover&quot;:{&quot;unit&quot;:&quot;px&quot;,&quot;size&quot;:1.100000000000000088817841970012523233890533447265625,&quot;sizes&quot;:[]},&quot;_transform_scale_effect_hover_tablet&quot;:{&quot;unit&quot;:&quot;px&quot;,&quot;size&quot;:&quot;&quot;,&quot;sizes&quot;:[]},&quot;_transform_scale_effect_hover_mobile&quot;:{&quot;unit&quot;:&quot;px&quot;,&quot;size&quot;:&quot;&quot;,&quot;sizes&quot;:[]}}\" data-widget_type=\"stal_core_image_with_text.default\">\n\t\t\t\t<div class=\"elementor-widget-container\">\n\t\t\t\t\t<div class=\"qodef-shortcode qodef-m  qodef-image-with-text qodef-layout--text-below qodef--shadow-enabled qodef--with-link\">\n\t<div class=\"qodef-m-image\">\n\t\t\t<a itemprop=\"url\" href=\"https:\/\/alfatherm.com\/en\/hotel-sheraton\/\" target=\"_self\">\n\t    \t\t<img decoding=\"async\" width=\"900\" height=\"900\" src=\"https:\/\/alfatherm.com\/wp-content\/uploads\/2024\/08\/sheraton-1.jpg\" class=\"attachment-full size-full\" alt=\"\" srcset=\"https:\/\/alfatherm.com\/wp-content\/uploads\/2024\/08\/sheraton-1.jpg 900w, https:\/\/alfatherm.com\/wp-content\/uploads\/2024\/08\/sheraton-1-300x300.jpg 300w, https:\/\/alfatherm.com\/wp-content\/uploads\/2024\/08\/sheraton-1-150x150.jpg 150w, https:\/\/alfatherm.com\/wp-content\/uploads\/2024\/08\/sheraton-1-768x768.jpg 768w, https:\/\/alfatherm.com\/wp-content\/uploads\/2024\/08\/sheraton-1-650x650.jpg 650w, https:\/\/alfatherm.com\/wp-content\/uploads\/2024\/08\/sheraton-1-82x82.jpg 82w\" sizes=\"(max-width: 900px) 100vw, 900px\" \/>    \t\t\t<\/a>\n\t<\/div>\t<div class=\"qodef-m-content\">\n\t\t\t<h4 class=\"qodef-m-title\" style=\"margin-top: 20px\">\n\t\t\t\t\t<a itemprop=\"url\" href=\"https:\/\/alfatherm.com\/en\/hotel-sheraton\/\" target=\"_self\">\n\t\t\t\t\tHotel Sheraton\t\t\t\t\t<\/a>\n\t\t\t<\/h4>\n\t\t\t<\/div>\n<\/div>\t\t\t\t<\/div>\n\t\t\t\t<\/div>\n\t\t\t\t\t<\/div>\n\t\t<\/div>\n\t\t\t\t<div class=\"elementor-column elementor-col-25 elementor-top-column elementor-element elementor-element-326be10\" data-id=\"326be10\" data-element_type=\"column\" data-e-type=\"column\">\n\t\t\t<div class=\"elementor-widget-wrap elementor-element-populated\">\n\t\t\t\t\t\t<div class=\"elementor-element elementor-element-0b42802 e-transform elementor-widget elementor-widget-stal_core_image_with_text\" data-id=\"0b42802\" data-element_type=\"widget\" data-e-type=\"widget\" data-settings=\"{&quot;_transform_scale_effect_hover&quot;:{&quot;unit&quot;:&quot;px&quot;,&quot;size&quot;:1.100000000000000088817841970012523233890533447265625,&quot;sizes&quot;:[]},&quot;_transform_scale_effect_hover_tablet&quot;:{&quot;unit&quot;:&quot;px&quot;,&quot;size&quot;:&quot;&quot;,&quot;sizes&quot;:[]},&quot;_transform_scale_effect_hover_mobile&quot;:{&quot;unit&quot;:&quot;px&quot;,&quot;size&quot;:&quot;&quot;,&quot;sizes&quot;:[]}}\" data-widget_type=\"stal_core_image_with_text.default\">\n\t\t\t\t<div class=\"elementor-widget-container\">\n\t\t\t\t\t<div class=\"qodef-shortcode qodef-m  qodef-image-with-text qodef-layout--text-below qodef--shadow-enabled qodef--with-link\">\n\t<div class=\"qodef-m-image\">\n\t\t\t<a itemprop=\"url\" href=\"https:\/\/alfatherm.com\/en\/valamar-tirena\/\" target=\"_self\">\n\t    \t\t<img loading=\"lazy\" decoding=\"async\" width=\"900\" height=\"900\" src=\"https:\/\/alfatherm.com\/wp-content\/uploads\/2024\/08\/valamar-1.jpg\" class=\"attachment-full size-full\" alt=\"\" srcset=\"https:\/\/alfatherm.com\/wp-content\/uploads\/2024\/08\/valamar-1.jpg 900w, https:\/\/alfatherm.com\/wp-content\/uploads\/2024\/08\/valamar-1-300x300.jpg 300w, https:\/\/alfatherm.com\/wp-content\/uploads\/2024\/08\/valamar-1-150x150.jpg 150w, https:\/\/alfatherm.com\/wp-content\/uploads\/2024\/08\/valamar-1-768x768.jpg 768w, https:\/\/alfatherm.com\/wp-content\/uploads\/2024\/08\/valamar-1-650x650.jpg 650w, https:\/\/alfatherm.com\/wp-content\/uploads\/2024\/08\/valamar-1-82x82.jpg 82w\" sizes=\"(max-width: 900px) 100vw, 900px\" \/>    \t\t\t<\/a>\n\t<\/div>\t<div class=\"qodef-m-content\">\n\t\t\t<h4 class=\"qodef-m-title\" style=\"margin-top: 20px\">\n\t\t\t\t\t<a itemprop=\"url\" href=\"https:\/\/alfatherm.com\/en\/valamar-tirena\/\" target=\"_self\">\n\t\t\t\t\tValamar Tirena\t\t\t\t\t<\/a>\n\t\t\t<\/h4>\n\t\t\t<\/div>\n<\/div>\t\t\t\t<\/div>\n\t\t\t\t<\/div>\n\t\t\t\t\t<\/div>\n\t\t<\/div>\n\t\t\t\t<div class=\"elementor-column elementor-col-25 elementor-top-column elementor-element elementor-element-5e3a0ec\" data-id=\"5e3a0ec\" data-element_type=\"column\" data-e-type=\"column\">\n\t\t\t<div class=\"elementor-widget-wrap elementor-element-populated\">\n\t\t\t\t\t\t<div class=\"elementor-element elementor-element-48cbec3 e-transform elementor-widget elementor-widget-stal_core_image_with_text\" data-id=\"48cbec3\" data-element_type=\"widget\" data-e-type=\"widget\" data-settings=\"{&quot;_transform_scale_effect_hover&quot;:{&quot;unit&quot;:&quot;px&quot;,&quot;size&quot;:1.100000000000000088817841970012523233890533447265625,&quot;sizes&quot;:[]},&quot;_transform_scale_effect_hover_tablet&quot;:{&quot;unit&quot;:&quot;px&quot;,&quot;size&quot;:&quot;&quot;,&quot;sizes&quot;:[]},&quot;_transform_scale_effect_hover_mobile&quot;:{&quot;unit&quot;:&quot;px&quot;,&quot;size&quot;:&quot;&quot;,&quot;sizes&quot;:[]}}\" data-widget_type=\"stal_core_image_with_text.default\">\n\t\t\t\t<div class=\"elementor-widget-container\">\n\t\t\t\t\t<div class=\"qodef-shortcode qodef-m  qodef-image-with-text qodef-layout--text-below qodef--shadow-enabled qodef--with-link\">\n\t<div class=\"qodef-m-image\">\n\t\t\t<a itemprop=\"url\" href=\"https:\/\/alfatherm.com\/en\/royal-hotels-resort\/\" target=\"_self\">\n\t    \t\t<img loading=\"lazy\" decoding=\"async\" width=\"900\" height=\"900\" src=\"https:\/\/alfatherm.com\/wp-content\/uploads\/2024\/08\/royal-1.jpg\" class=\"attachment-full size-full\" alt=\"\" srcset=\"https:\/\/alfatherm.com\/wp-content\/uploads\/2024\/08\/royal-1.jpg 900w, https:\/\/alfatherm.com\/wp-content\/uploads\/2024\/08\/royal-1-300x300.jpg 300w, https:\/\/alfatherm.com\/wp-content\/uploads\/2024\/08\/royal-1-150x150.jpg 150w, https:\/\/alfatherm.com\/wp-content\/uploads\/2024\/08\/royal-1-768x768.jpg 768w, https:\/\/alfatherm.com\/wp-content\/uploads\/2024\/08\/royal-1-650x650.jpg 650w, https:\/\/alfatherm.com\/wp-content\/uploads\/2024\/08\/royal-1-82x82.jpg 82w\" sizes=\"(max-width: 900px) 100vw, 900px\" \/>    \t\t\t<\/a>\n\t<\/div>\t<div class=\"qodef-m-content\">\n\t\t\t<h4 class=\"qodef-m-title\" style=\"margin-top: 20px\">\n\t\t\t\t\t<a itemprop=\"url\" href=\"https:\/\/alfatherm.com\/en\/royal-hotels-resort\/\" target=\"_self\">\n\t\t\t\t\tRoyal Hotels &amp; Resort\t\t\t\t\t<\/a>\n\t\t\t<\/h4>\n\t\t\t<\/div>\n<\/div>\t\t\t\t<\/div>\n\t\t\t\t<\/div>\n\t\t\t\t\t<\/div>\n\t\t<\/div>\n\t\t\t\t\t<\/div>\n\t\t<\/section>\n\t\t\t\t<\/div>\n\t\t","protected":false},"excerpt":{"rendered":"<p>Ru\u0111er Bo\u0161kovi\u0107 Airport CITY\/COUNTRY:Dubrovnik\/Croatia AREA:25.000 m2 TYPE OF WORK:HVAC\/BMS installation ABBREVIATIONS:HVAC \u2013 Heating, Ventilation and Air ConditioningBMS \u2013 Building Management SystemBU \u2013 Black Utilities Aminess Khalani Hotel Hotel Sheraton Valamar Tirena Royal Hotels &amp; Resort<\/p>\n","protected":false},"author":1,"featured_media":0,"parent":0,"menu_order":0,"comment_status":"closed","ping_status":"closed","template":"page-full-width.php","meta":{"content-type":"","footnotes":""},"class_list":["post-10265","page","type-page","status-publish","hentry"],"yoast_head":"<!-- This site is optimized with the Yoast SEO plugin v27.3 - https:\/\/yoast.com\/product\/yoast-seo-wordpress\/ -->\n<title>Ru\u0111er Bo\u0161kovi\u0107 Airport - Alfa Therm<\/title>\n<meta name=\"robots\" content=\"index, follow, max-snippet:-1, max-image-preview:large, max-video-preview:-1\" \/>\n<link rel=\"canonical\" href=\"https:\/\/alfatherm.com\/en\/ruder-boskovic-airport\/\" \/>\n<meta property=\"og:locale\" content=\"en_US\" \/>\n<meta property=\"og:type\" content=\"article\" \/>\n<meta property=\"og:title\" content=\"Ru\u0111er Bo\u0161kovi\u0107 Airport - Alfa Therm\" \/>\n<meta property=\"og:description\" content=\"Ru\u0111er Bo\u0161kovi\u0107 Airport CITY\/COUNTRY:Dubrovnik\/Croatia AREA:25.000 m2 TYPE OF WORK:HVAC\/BMS installation ABBREVIATIONS:HVAC \u2013 Heating, Ventilation and Air ConditioningBMS \u2013 Building Management SystemBU \u2013 Black Utilities Aminess Khalani Hotel Hotel Sheraton Valamar Tirena Royal Hotels &amp; Resort\" \/>\n<meta property=\"og:url\" content=\"https:\/\/alfatherm.com\/en\/ruder-boskovic-airport\/\" \/>\n<meta property=\"og:site_name\" content=\"Alfa Therm\" \/>\n<meta property=\"article:modified_time\" content=\"2025-01-09T10:21:52+00:00\" \/>\n<meta property=\"og:image\" content=\"https:\/\/alfatherm.com\/wp-content\/uploads\/2024\/08\/aerodrom-1.jpg\" \/>\n\t<meta property=\"og:image:width\" content=\"900\" \/>\n\t<meta property=\"og:image:height\" content=\"900\" \/>\n\t<meta property=\"og:image:type\" content=\"image\/jpeg\" \/>\n<meta name=\"twitter:card\" content=\"summary_large_image\" \/>\n<meta name=\"twitter:label1\" content=\"Est. reading time\" \/>\n\t<meta name=\"twitter:data1\" content=\"2 minutes\" \/>\n<script type=\"application\/ld+json\" class=\"yoast-schema-graph\">{\"@context\":\"https:\\\/\\\/schema.org\",\"@graph\":[{\"@type\":\"WebPage\",\"@id\":\"https:\\\/\\\/alfatherm.com\\\/en\\\/ruder-boskovic-airport\\\/\",\"url\":\"https:\\\/\\\/alfatherm.com\\\/en\\\/ruder-boskovic-airport\\\/\",\"name\":\"Ru\u0111er Bo\u0161kovi\u0107 Airport - Alfa Therm\",\"isPartOf\":{\"@id\":\"https:\\\/\\\/alfatherm.com\\\/en\\\/#website\"},\"primaryImageOfPage\":{\"@id\":\"https:\\\/\\\/alfatherm.com\\\/en\\\/ruder-boskovic-airport\\\/#primaryimage\"},\"image\":{\"@id\":\"https:\\\/\\\/alfatherm.com\\\/en\\\/ruder-boskovic-airport\\\/#primaryimage\"},\"thumbnailUrl\":\"https:\\\/\\\/alfatherm.com\\\/wp-content\\\/uploads\\\/2024\\\/08\\\/aerodrom-1.jpg\",\"datePublished\":\"2024-08-06T17:12:38+00:00\",\"dateModified\":\"2025-01-09T10:21:52+00:00\",\"breadcrumb\":{\"@id\":\"https:\\\/\\\/alfatherm.com\\\/en\\\/ruder-boskovic-airport\\\/#breadcrumb\"},\"inLanguage\":\"en-US\",\"potentialAction\":[{\"@type\":\"ReadAction\",\"target\":[\"https:\\\/\\\/alfatherm.com\\\/en\\\/ruder-boskovic-airport\\\/\"]}]},{\"@type\":\"ImageObject\",\"inLanguage\":\"en-US\",\"@id\":\"https:\\\/\\\/alfatherm.com\\\/en\\\/ruder-boskovic-airport\\\/#primaryimage\",\"url\":\"https:\\\/\\\/alfatherm.com\\\/wp-content\\\/uploads\\\/2024\\\/08\\\/aerodrom-1.jpg\",\"contentUrl\":\"https:\\\/\\\/alfatherm.com\\\/wp-content\\\/uploads\\\/2024\\\/08\\\/aerodrom-1.jpg\"},{\"@type\":\"BreadcrumbList\",\"@id\":\"https:\\\/\\\/alfatherm.com\\\/en\\\/ruder-boskovic-airport\\\/#breadcrumb\",\"itemListElement\":[{\"@type\":\"ListItem\",\"position\":1,\"name\":\"Home\",\"item\":\"https:\\\/\\\/alfatherm.com\\\/en\\\/\"},{\"@type\":\"ListItem\",\"position\":2,\"name\":\"Ru\u0111er Bo\u0161kovi\u0107 Airport\"}]},{\"@type\":\"WebSite\",\"@id\":\"https:\\\/\\\/alfatherm.com\\\/en\\\/#website\",\"url\":\"https:\\\/\\\/alfatherm.com\\\/en\\\/\",\"name\":\"Alfa Therm\",\"description\":\"Cjelovita termoenergetska rje\u0161enja\",\"publisher\":{\"@id\":\"https:\\\/\\\/alfatherm.com\\\/en\\\/#\\\/schema\\\/person\\\/43a4039130a8c3abb916afb0654ae1bf\"},\"potentialAction\":[{\"@type\":\"SearchAction\",\"target\":{\"@type\":\"EntryPoint\",\"urlTemplate\":\"https:\\\/\\\/alfatherm.com\\\/en\\\/?s={search_term_string}\"},\"query-input\":{\"@type\":\"PropertyValueSpecification\",\"valueRequired\":true,\"valueName\":\"search_term_string\"}}],\"inLanguage\":\"en-US\"},{\"@type\":[\"Person\",\"Organization\"],\"@id\":\"https:\\\/\\\/alfatherm.com\\\/en\\\/#\\\/schema\\\/person\\\/43a4039130a8c3abb916afb0654ae1bf\",\"name\":\"mox-alfa2024\",\"image\":{\"@type\":\"ImageObject\",\"inLanguage\":\"en-US\",\"@id\":\"https:\\\/\\\/alfatherm.com\\\/wp-content\\\/uploads\\\/2024\\\/05\\\/logo.png\",\"url\":\"https:\\\/\\\/alfatherm.com\\\/wp-content\\\/uploads\\\/2024\\\/05\\\/logo.png\",\"contentUrl\":\"https:\\\/\\\/alfatherm.com\\\/wp-content\\\/uploads\\\/2024\\\/05\\\/logo.png\",\"width\":500,\"height\":96,\"caption\":\"mox-alfa2024\"},\"logo\":{\"@id\":\"https:\\\/\\\/alfatherm.com\\\/wp-content\\\/uploads\\\/2024\\\/05\\\/logo.png\"},\"sameAs\":[\"https:\\\/\\\/alfatherm.com\"]}]}<\/script>\n<!-- \/ Yoast SEO plugin. -->","yoast_head_json":{"title":"Ru\u0111er Bo\u0161kovi\u0107 Airport - Alfa Therm","robots":{"index":"index","follow":"follow","max-snippet":"max-snippet:-1","max-image-preview":"max-image-preview:large","max-video-preview":"max-video-preview:-1"},"canonical":"https:\/\/alfatherm.com\/en\/ruder-boskovic-airport\/","og_locale":"en_US","og_type":"article","og_title":"Ru\u0111er Bo\u0161kovi\u0107 Airport - Alfa Therm","og_description":"Ru\u0111er Bo\u0161kovi\u0107 Airport CITY\/COUNTRY:Dubrovnik\/Croatia AREA:25.000 m2 TYPE OF WORK:HVAC\/BMS installation ABBREVIATIONS:HVAC \u2013 Heating, Ventilation and Air ConditioningBMS \u2013 Building Management SystemBU \u2013 Black Utilities Aminess Khalani Hotel Hotel Sheraton Valamar Tirena Royal Hotels &amp; Resort","og_url":"https:\/\/alfatherm.com\/en\/ruder-boskovic-airport\/","og_site_name":"Alfa Therm","article_modified_time":"2025-01-09T10:21:52+00:00","og_image":[{"width":900,"height":900,"url":"https:\/\/alfatherm.com\/wp-content\/uploads\/2024\/08\/aerodrom-1.jpg","type":"image\/jpeg"}],"twitter_card":"summary_large_image","twitter_misc":{"Est. reading time":"2 minutes"},"schema":{"@context":"https:\/\/schema.org","@graph":[{"@type":"WebPage","@id":"https:\/\/alfatherm.com\/en\/ruder-boskovic-airport\/","url":"https:\/\/alfatherm.com\/en\/ruder-boskovic-airport\/","name":"Ru\u0111er Bo\u0161kovi\u0107 Airport - Alfa Therm","isPartOf":{"@id":"https:\/\/alfatherm.com\/en\/#website"},"primaryImageOfPage":{"@id":"https:\/\/alfatherm.com\/en\/ruder-boskovic-airport\/#primaryimage"},"image":{"@id":"https:\/\/alfatherm.com\/en\/ruder-boskovic-airport\/#primaryimage"},"thumbnailUrl":"https:\/\/alfatherm.com\/wp-content\/uploads\/2024\/08\/aerodrom-1.jpg","datePublished":"2024-08-06T17:12:38+00:00","dateModified":"2025-01-09T10:21:52+00:00","breadcrumb":{"@id":"https:\/\/alfatherm.com\/en\/ruder-boskovic-airport\/#breadcrumb"},"inLanguage":"en-US","potentialAction":[{"@type":"ReadAction","target":["https:\/\/alfatherm.com\/en\/ruder-boskovic-airport\/"]}]},{"@type":"ImageObject","inLanguage":"en-US","@id":"https:\/\/alfatherm.com\/en\/ruder-boskovic-airport\/#primaryimage","url":"https:\/\/alfatherm.com\/wp-content\/uploads\/2024\/08\/aerodrom-1.jpg","contentUrl":"https:\/\/alfatherm.com\/wp-content\/uploads\/2024\/08\/aerodrom-1.jpg"},{"@type":"BreadcrumbList","@id":"https:\/\/alfatherm.com\/en\/ruder-boskovic-airport\/#breadcrumb","itemListElement":[{"@type":"ListItem","position":1,"name":"Home","item":"https:\/\/alfatherm.com\/en\/"},{"@type":"ListItem","position":2,"name":"Ru\u0111er Bo\u0161kovi\u0107 Airport"}]},{"@type":"WebSite","@id":"https:\/\/alfatherm.com\/en\/#website","url":"https:\/\/alfatherm.com\/en\/","name":"Alfa Therm","description":"Cjelovita termoenergetska rje\u0161enja","publisher":{"@id":"https:\/\/alfatherm.com\/en\/#\/schema\/person\/43a4039130a8c3abb916afb0654ae1bf"},"potentialAction":[{"@type":"SearchAction","target":{"@type":"EntryPoint","urlTemplate":"https:\/\/alfatherm.com\/en\/?s={search_term_string}"},"query-input":{"@type":"PropertyValueSpecification","valueRequired":true,"valueName":"search_term_string"}}],"inLanguage":"en-US"},{"@type":["Person","Organization"],"@id":"https:\/\/alfatherm.com\/en\/#\/schema\/person\/43a4039130a8c3abb916afb0654ae1bf","name":"mox-alfa2024","image":{"@type":"ImageObject","inLanguage":"en-US","@id":"https:\/\/alfatherm.com\/wp-content\/uploads\/2024\/05\/logo.png","url":"https:\/\/alfatherm.com\/wp-content\/uploads\/2024\/05\/logo.png","contentUrl":"https:\/\/alfatherm.com\/wp-content\/uploads\/2024\/05\/logo.png","width":500,"height":96,"caption":"mox-alfa2024"},"logo":{"@id":"https:\/\/alfatherm.com\/wp-content\/uploads\/2024\/05\/logo.png"},"sameAs":["https:\/\/alfatherm.com"]}]}},"_links":{"self":[{"href":"https:\/\/alfatherm.com\/en\/wp-json\/wp\/v2\/pages\/10265","targetHints":{"allow":["GET"]}}],"collection":[{"href":"https:\/\/alfatherm.com\/en\/wp-json\/wp\/v2\/pages"}],"about":[{"href":"https:\/\/alfatherm.com\/en\/wp-json\/wp\/v2\/types\/page"}],"author":[{"embeddable":true,"href":"https:\/\/alfatherm.com\/en\/wp-json\/wp\/v2\/users\/1"}],"replies":[{"embeddable":true,"href":"https:\/\/alfatherm.com\/en\/wp-json\/wp\/v2\/comments?post=10265"}],"version-history":[{"count":10,"href":"https:\/\/alfatherm.com\/en\/wp-json\/wp\/v2\/pages\/10265\/revisions"}],"predecessor-version":[{"id":11054,"href":"https:\/\/alfatherm.com\/en\/wp-json\/wp\/v2\/pages\/10265\/revisions\/11054"}],"wp:attachment":[{"href":"https:\/\/alfatherm.com\/en\/wp-json\/wp\/v2\/media?parent=10265"}],"curies":[{"name":"wp","href":"https:\/\/api.w.org\/{rel}","templated":true}]}}