{"id":12472,"date":"2025-06-11T11:58:56","date_gmt":"2025-06-11T11:58:56","guid":{"rendered":"https:\/\/alfatherm.com\/odrzivost\/"},"modified":"2026-03-27T09:00:21","modified_gmt":"2026-03-27T09:00:21","slug":"sustainability","status":"publish","type":"page","link":"https:\/\/alfatherm.com\/en\/sustainability\/","title":{"rendered":"Sustainability"},"content":{"rendered":"\t\t<div data-elementor-type=\"wp-page\" data-elementor-id=\"12472\" class=\"elementor elementor-12472 elementor-12403\" data-elementor-post-type=\"page\">\n\t\t\t\t\t\t<section class=\"elementor-section elementor-top-section elementor-element elementor-element-691c771 qodef-elementor-content-grid elementor-section-boxed elementor-section-height-default elementor-section-height-default\" data-id=\"691c771\" data-element_type=\"section\" data-e-type=\"section\">\n\t\t\t\t\t\t<div class=\"elementor-container elementor-column-gap-default\">\n\t\t\t\t\t<div class=\"elementor-column elementor-col-100 elementor-top-column elementor-element elementor-element-84e7fb9\" data-id=\"84e7fb9\" data-element_type=\"column\" data-e-type=\"column\">\n\t\t\t<div class=\"elementor-widget-wrap elementor-element-populated\">\n\t\t\t\t\t\t<div class=\"elementor-element elementor-element-b098e4e elementor-widget elementor-widget-stal_core_section_title\" data-id=\"b098e4e\" data-element_type=\"widget\" data-e-type=\"widget\" data-widget_type=\"stal_core_section_title.default\">\n\t\t\t\t<div class=\"elementor-widget-container\">\n\t\t\t\t\t<div class=\"qodef-shortcode qodef-m  qodef-section-title qodef-alignment--left  \">\n\t\t<div class=\"qodef-m-title-wrap\">\n\t\t<h2 class=\"qodef-m-title\" >\n\t\t\t\t\tSustainable <span style=\"color: #ef5230\">environment<\/span>\t\t\t<\/h2>\n\t\n\t<\/div>\n\t<\/div>\t\t\t\t<\/div>\n\t\t\t\t<\/div>\n\t\t\t\t<div class=\"elementor-element elementor-element-0e7f4bf elementor-widget elementor-widget-text-editor\" data-id=\"0e7f4bf\" data-element_type=\"widget\" data-e-type=\"widget\" data-widget_type=\"text-editor.default\">\n\t\t\t\t<div class=\"elementor-widget-container\">\n\t\t\t\t\t\t\t\t\t<p>At Alfa Therm, sustainable development is not just a goal, but the core of our business and the way we approach everything we do. Our commitment to sustainability is manifested in carefully balancing economic, environmental and social aspects to create long-term value for our employees, customers, community and the environment.<\/p><p>We are aware of the impact of the HVAC industry on the environment, so we continuously invest in innovative practices that protect nature, improve the quality of life and contribute to sustainable development. Our solutions reduce the negative impact on the environment, increase energy efficiency and raise standards in all segments of our business.<\/p><p>Sustainable development is not just part of our everyday life \u2013 it is at the core of our vision of a better, greener and longer-term future.<\/p><p>Our sustainability strategy is based on three main standards:<\/p>\t\t\t\t\t\t\t\t<\/div>\n\t\t\t\t<\/div>\n\t\t\t\t\t<\/div>\n\t\t<\/div>\n\t\t\t\t\t<\/div>\n\t\t<\/section>\n\t\t\t\t<section class=\"elementor-section elementor-top-section elementor-element elementor-element-7445f43 qodef-elementor-content-grid elementor-section-boxed elementor-section-height-default elementor-section-height-default\" data-id=\"7445f43\" data-element_type=\"section\" data-e-type=\"section\" data-settings=\"{&quot;background_background&quot;:&quot;classic&quot;}\">\n\t\t\t\t\t\t<div class=\"elementor-container elementor-column-gap-default\">\n\t\t\t\t\t<div class=\"elementor-column elementor-col-33 elementor-top-column elementor-element elementor-element-b2050e8\" data-id=\"b2050e8\" data-element_type=\"column\" data-e-type=\"column\" data-settings=\"{&quot;background_background&quot;:&quot;classic&quot;}\">\n\t\t\t<div class=\"elementor-widget-wrap elementor-element-populated\">\n\t\t\t\t\t\t<div class=\"elementor-element elementor-element-e4309a4 elementor-widget elementor-widget-stal_core_section_title\" data-id=\"e4309a4\" data-element_type=\"widget\" data-e-type=\"widget\" data-widget_type=\"stal_core_section_title.default\">\n\t\t\t\t<div class=\"elementor-widget-container\">\n\t\t\t\t\t<div class=\"qodef-shortcode qodef-m  qodef-section-title qodef-alignment--left  \">\n\t\t<div class=\"qodef-m-title-wrap\">\n\t\t<h4 class=\"qodef-m-title\" >\n\t\t\t\t\tEnvironmental responsibility\t\t\t<\/h4>\n\t\n\t<\/div>\n\t<\/div>\t\t\t\t<\/div>\n\t\t\t\t<\/div>\n\t\t\t\t<div class=\"elementor-element elementor-element-512dac0 elementor-widget elementor-widget-text-editor\" data-id=\"512dac0\" data-element_type=\"widget\" data-e-type=\"widget\" data-widget_type=\"text-editor.default\">\n\t\t\t\t<div class=\"elementor-widget-container\">\n\t\t\t\t\t\t\t\t\t<p>We are focused on reducing greenhouse gas emissions, optimizing energy consumption and implementing solutions that protect natural resources. Our products and services are designed for maximum energy efficiency and reduced environmental impact.<\/p><p>We actively participate in the green transition, offering sustainable solutions that not only meet but exceed legal and industry standards.<\/p>\t\t\t\t\t\t\t\t<\/div>\n\t\t\t\t<\/div>\n\t\t\t\t\t<\/div>\n\t\t<\/div>\n\t\t\t\t<div class=\"elementor-column elementor-col-33 elementor-top-column elementor-element elementor-element-afa371f\" data-id=\"afa371f\" data-element_type=\"column\" data-e-type=\"column\" data-settings=\"{&quot;background_background&quot;:&quot;classic&quot;}\">\n\t\t\t<div class=\"elementor-widget-wrap elementor-element-populated\">\n\t\t\t\t\t\t<div class=\"elementor-element elementor-element-c2d07d4 elementor-widget elementor-widget-stal_core_section_title\" data-id=\"c2d07d4\" data-element_type=\"widget\" data-e-type=\"widget\" data-widget_type=\"stal_core_section_title.default\">\n\t\t\t\t<div class=\"elementor-widget-container\">\n\t\t\t\t\t<div class=\"qodef-shortcode qodef-m  qodef-section-title qodef-alignment--left  \">\n\t\t<div class=\"qodef-m-title-wrap\">\n\t\t<h4 class=\"qodef-m-title\" >\n\t\t\t\t\tPeople\t\t\t<\/h4>\n\t\n\t<\/div>\n\t<\/div>\t\t\t\t<\/div>\n\t\t\t\t<\/div>\n\t\t\t\t<div class=\"elementor-element elementor-element-b06299b elementor-widget elementor-widget-text-editor\" data-id=\"b06299b\" data-element_type=\"widget\" data-e-type=\"widget\" data-widget_type=\"text-editor.default\">\n\t\t\t\t<div class=\"elementor-widget-container\">\n\t\t\t\t\t\t\t\t\t<p>Our employees are the main drivers of success. At Alfa Therm, we care about cultural respect, development and balance.<br \/>We care about health and safety, stimulate professional growth, and ensure an inclusive workplace where everyone feels valued.<\/p><p>We continuously invest in education, the development of our employees&#8217; competencies and the implementation of technologies that facilitate and improve everyday work. In this way, we build an environment that enables professional progress, personal development and long-term motivation.<\/p>\t\t\t\t\t\t\t\t<\/div>\n\t\t\t\t<\/div>\n\t\t\t\t\t<\/div>\n\t\t<\/div>\n\t\t\t\t<div class=\"elementor-column elementor-col-33 elementor-top-column elementor-element elementor-element-2f11e95\" data-id=\"2f11e95\" data-element_type=\"column\" data-e-type=\"column\" data-settings=\"{&quot;background_background&quot;:&quot;classic&quot;}\">\n\t\t\t<div class=\"elementor-widget-wrap elementor-element-populated\">\n\t\t\t\t\t\t<div class=\"elementor-element elementor-element-c0d581b elementor-widget elementor-widget-stal_core_section_title\" data-id=\"c0d581b\" data-element_type=\"widget\" data-e-type=\"widget\" data-widget_type=\"stal_core_section_title.default\">\n\t\t\t\t<div class=\"elementor-widget-container\">\n\t\t\t\t\t<div class=\"qodef-shortcode qodef-m  qodef-section-title qodef-alignment--left  \">\n\t\t<div class=\"qodef-m-title-wrap\">\n\t\t<h4 class=\"qodef-m-title\" >\n\t\t\t\t\tCorporate governance\t\t\t<\/h4>\n\t\n\t<\/div>\n\t<\/div>\t\t\t\t<\/div>\n\t\t\t\t<\/div>\n\t\t\t\t<div class=\"elementor-element elementor-element-dd09f46 elementor-widget elementor-widget-text-editor\" data-id=\"dd09f46\" data-element_type=\"widget\" data-e-type=\"widget\" data-widget_type=\"text-editor.default\">\n\t\t\t\t<div class=\"elementor-widget-container\">\n\t\t\t\t\t\t\t\t\t<p>Sustainability is not possible without transparent, responsible and ethical management. Our corporate governance model is based on clear policies, compliance with ESG principles and a long-term strategy that involves all members \u2013 from employees and clients to suppliers and the local community.<\/p><p>We regularly follow and report on the impact of our activities through ESG metrics, and try to set higher standards with a strong focus on integrity, responsibility, and open communication. Our commitment to sustainability is confirmed by the international ISO standards and EcoVadis principles, according to which we consistently shape all aspects of our business.<\/p>\t\t\t\t\t\t\t\t<\/div>\n\t\t\t\t<\/div>\n\t\t\t\t\t<\/div>\n\t\t<\/div>\n\t\t\t\t\t<\/div>\n\t\t<\/section>\n\t\t\t\t<section class=\"elementor-section elementor-top-section elementor-element elementor-element-07cbbd6 qodef-elementor-content-grid elementor-section-boxed elementor-section-height-default elementor-section-height-default\" data-id=\"07cbbd6\" data-element_type=\"section\" data-e-type=\"section\">\n\t\t\t\t\t\t<div class=\"elementor-container elementor-column-gap-default\">\n\t\t\t\t\t<div class=\"elementor-column elementor-col-25 elementor-top-column elementor-element elementor-element-498aa7f\" data-id=\"498aa7f\" data-element_type=\"column\" data-e-type=\"column\">\n\t\t\t<div class=\"elementor-widget-wrap elementor-element-populated\">\n\t\t\t\t\t\t<div class=\"elementor-element elementor-element-0e3f7cd elementor-widget elementor-widget-text-editor\" data-id=\"0e3f7cd\" data-element_type=\"widget\" data-e-type=\"widget\" data-widget_type=\"text-editor.default\">\n\t\t\t\t<div class=\"elementor-widget-container\">\n\t\t\t\t\t\t\t\t\t<p>Our commitment to sustainability is confirmed by the international ISO standards and principles of EcoVadis, according to which we consistently shape all aspects of our business.<\/p>\t\t\t\t\t\t\t\t<\/div>\n\t\t\t\t<\/div>\n\t\t\t\t\t<\/div>\n\t\t<\/div>\n\t\t\t\t<div class=\"elementor-column elementor-col-25 elementor-top-column elementor-element elementor-element-0d37e52\" data-id=\"0d37e52\" data-element_type=\"column\" data-e-type=\"column\">\n\t\t\t<div class=\"elementor-widget-wrap elementor-element-populated\">\n\t\t\t\t\t\t<div class=\"elementor-element elementor-element-c1c475a elementor-widget elementor-widget-image\" data-id=\"c1c475a\" data-element_type=\"widget\" data-e-type=\"widget\" data-widget_type=\"image.default\">\n\t\t\t\t<div class=\"elementor-widget-container\">\n\t\t\t\t\t\t\t\t\t\t\t\t\t\t\t\t<a href=\"https:\/\/recognition.ecovadis.com\/rqiVDWElJ06vPJ9iB8R17A\" target=\"_blank\">\n\t\t\t\t\t\t\t<img decoding=\"async\" width=\"150\" height=\"150\" src=\"https:\/\/alfatherm.com\/wp-content\/uploads\/2025\/06\/ecovadis-medal-150x150.png\" class=\"attachment-thumbnail size-thumbnail wp-image-12416\" alt=\"\" srcset=\"https:\/\/alfatherm.com\/wp-content\/uploads\/2025\/06\/ecovadis-medal-150x150.png 150w, https:\/\/alfatherm.com\/wp-content\/uploads\/2025\/06\/ecovadis-medal-300x300.png 300w, https:\/\/alfatherm.com\/wp-content\/uploads\/2025\/06\/ecovadis-medal-768x768.png 768w, https:\/\/alfatherm.com\/wp-content\/uploads\/2025\/06\/ecovadis-medal-650x650.png 650w, https:\/\/alfatherm.com\/wp-content\/uploads\/2025\/06\/ecovadis-medal-82x82.png 82w, https:\/\/alfatherm.com\/wp-content\/uploads\/2025\/06\/ecovadis-medal.png 800w\" sizes=\"(max-width: 150px) 100vw, 150px\" \/>\t\t\t\t\t\t\t\t<\/a>\n\t\t\t\t\t\t\t\t\t\t\t\t\t\t\t<\/div>\n\t\t\t\t<\/div>\n\t\t\t\t\t<\/div>\n\t\t<\/div>\n\t\t\t\t<div class=\"elementor-column elementor-col-25 elementor-top-column elementor-element elementor-element-f13250b\" data-id=\"f13250b\" data-element_type=\"column\" data-e-type=\"column\">\n\t\t\t<div class=\"elementor-widget-wrap elementor-element-populated\">\n\t\t\t\t\t\t<div class=\"elementor-element elementor-element-ea8474a elementor-widget elementor-widget-image\" data-id=\"ea8474a\" data-element_type=\"widget\" data-e-type=\"widget\" data-widget_type=\"image.default\">\n\t\t\t\t<div class=\"elementor-widget-container\">\n\t\t\t\t\t\t\t\t\t\t\t\t\t\t\t\t<a href=\"https:\/\/alfatherm.com\/en\/about-us\/#management\">\n\t\t\t\t\t\t\t<img fetchpriority=\"high\" decoding=\"async\" width=\"284\" height=\"177\" src=\"https:\/\/alfatherm.com\/wp-content\/uploads\/2026\/03\/images-1.png\" class=\"attachment-full size-full wp-image-14313\" alt=\"\" \/>\t\t\t\t\t\t\t\t<\/a>\n\t\t\t\t\t\t\t\t\t\t\t\t\t\t\t<\/div>\n\t\t\t\t<\/div>\n\t\t\t\t\t<\/div>\n\t\t<\/div>\n\t\t\t\t<div class=\"elementor-column elementor-col-25 elementor-top-column elementor-element elementor-element-581799d\" data-id=\"581799d\" data-element_type=\"column\" data-e-type=\"column\">\n\t\t\t<div class=\"elementor-widget-wrap\">\n\t\t\t\t\t\t\t<\/div>\n\t\t<\/div>\n\t\t\t\t\t<\/div>\n\t\t<\/section>\n\t\t\t\t<\/div>\n\t\t","protected":false},"excerpt":{"rendered":"<p>Sustainable environment At Alfa Therm, sustainable development is not just a goal, but the core of our business and the way we approach everything we do. Our commitment to sustainability is manifested in carefully balancing economic, environmental and social aspects to create long-term value for our employees, customers, community and the environment. We are aware [&hellip;]<\/p>\n","protected":false},"author":1,"featured_media":11098,"parent":0,"menu_order":0,"comment_status":"closed","ping_status":"closed","template":"page-full-width.php","meta":{"content-type":"","footnotes":""},"class_list":["post-12472","page","type-page","status-publish","has-post-thumbnail","hentry"],"yoast_head":"<!-- This site is optimized with the Yoast SEO plugin v27.4 - https:\/\/yoast.com\/product\/yoast-seo-wordpress\/ -->\n<title>Sustainability - Alfa Therm<\/title>\n<meta name=\"description\" content=\"Kroz ekolo\u0161ku odgovornost, brigu o ljudima i transparentno upravljanje stvaramo dugoro\u010dnu vrijednost za zajednicu i okoli\u0161.\" \/>\n<meta name=\"robots\" content=\"index, follow, max-snippet:-1, max-image-preview:large, max-video-preview:-1\" \/>\n<link rel=\"canonical\" href=\"https:\/\/alfatherm.com\/en\/sustainability\/\" \/>\n<meta property=\"og:locale\" content=\"en_US\" \/>\n<meta property=\"og:type\" content=\"article\" \/>\n<meta property=\"og:title\" content=\"Sustainability - Alfa Therm\" \/>\n<meta property=\"og:description\" content=\"Kroz ekolo\u0161ku odgovornost, brigu o ljudima i transparentno upravljanje stvaramo dugoro\u010dnu vrijednost za zajednicu i okoli\u0161.\" \/>\n<meta property=\"og:url\" content=\"https:\/\/alfatherm.com\/en\/sustainability\/\" \/>\n<meta property=\"og:site_name\" content=\"Alfa Therm\" \/>\n<meta property=\"article:modified_time\" content=\"2026-03-27T09:00:21+00:00\" \/>\n<meta property=\"og:image\" content=\"https:\/\/alfatherm.com\/wp-content\/uploads\/2025\/01\/person-is-using-ipad-with-word-land-screen-scaled.jpg\" \/>\n\t<meta property=\"og:image:width\" content=\"2560\" \/>\n\t<meta property=\"og:image:height\" content=\"2560\" \/>\n\t<meta property=\"og:image:type\" content=\"image\/jpeg\" \/>\n<meta name=\"twitter:card\" content=\"summary_large_image\" \/>\n<meta name=\"twitter:label1\" content=\"Est. reading time\" \/>\n\t<meta name=\"twitter:data1\" content=\"3 minutes\" \/>\n<script type=\"application\/ld+json\" class=\"yoast-schema-graph\">{\"@context\":\"https:\\\/\\\/schema.org\",\"@graph\":[{\"@type\":\"WebPage\",\"@id\":\"https:\\\/\\\/alfatherm.com\\\/en\\\/sustainability\\\/\",\"url\":\"https:\\\/\\\/alfatherm.com\\\/en\\\/sustainability\\\/\",\"name\":\"Sustainability - Alfa Therm\",\"isPartOf\":{\"@id\":\"https:\\\/\\\/alfatherm.com\\\/en\\\/#website\"},\"primaryImageOfPage\":{\"@id\":\"https:\\\/\\\/alfatherm.com\\\/en\\\/sustainability\\\/#primaryimage\"},\"image\":{\"@id\":\"https:\\\/\\\/alfatherm.com\\\/en\\\/sustainability\\\/#primaryimage\"},\"thumbnailUrl\":\"https:\\\/\\\/alfatherm.com\\\/wp-content\\\/uploads\\\/2025\\\/01\\\/person-is-using-ipad-with-word-land-screen-scaled.jpg\",\"datePublished\":\"2025-06-11T11:58:56+00:00\",\"dateModified\":\"2026-03-27T09:00:21+00:00\",\"description\":\"Kroz ekolo\u0161ku odgovornost, brigu o ljudima i transparentno upravljanje stvaramo dugoro\u010dnu vrijednost za zajednicu i okoli\u0161.\",\"breadcrumb\":{\"@id\":\"https:\\\/\\\/alfatherm.com\\\/en\\\/sustainability\\\/#breadcrumb\"},\"inLanguage\":\"en-US\",\"potentialAction\":[{\"@type\":\"ReadAction\",\"target\":[\"https:\\\/\\\/alfatherm.com\\\/en\\\/sustainability\\\/\"]}]},{\"@type\":\"ImageObject\",\"inLanguage\":\"en-US\",\"@id\":\"https:\\\/\\\/alfatherm.com\\\/en\\\/sustainability\\\/#primaryimage\",\"url\":\"https:\\\/\\\/alfatherm.com\\\/wp-content\\\/uploads\\\/2025\\\/01\\\/person-is-using-ipad-with-word-land-screen-scaled.jpg\",\"contentUrl\":\"https:\\\/\\\/alfatherm.com\\\/wp-content\\\/uploads\\\/2025\\\/01\\\/person-is-using-ipad-with-word-land-screen-scaled.jpg\",\"width\":2560,\"height\":2560},{\"@type\":\"BreadcrumbList\",\"@id\":\"https:\\\/\\\/alfatherm.com\\\/en\\\/sustainability\\\/#breadcrumb\",\"itemListElement\":[{\"@type\":\"ListItem\",\"position\":1,\"name\":\"Home\",\"item\":\"https:\\\/\\\/alfatherm.com\\\/en\\\/\"},{\"@type\":\"ListItem\",\"position\":2,\"name\":\"Sustainability\"}]},{\"@type\":\"WebSite\",\"@id\":\"https:\\\/\\\/alfatherm.com\\\/en\\\/#website\",\"url\":\"https:\\\/\\\/alfatherm.com\\\/en\\\/\",\"name\":\"Alfa Therm\",\"description\":\"Cjelovita termoenergetska rje\u0161enja\",\"publisher\":{\"@id\":\"https:\\\/\\\/alfatherm.com\\\/en\\\/#\\\/schema\\\/person\\\/43a4039130a8c3abb916afb0654ae1bf\"},\"potentialAction\":[{\"@type\":\"SearchAction\",\"target\":{\"@type\":\"EntryPoint\",\"urlTemplate\":\"https:\\\/\\\/alfatherm.com\\\/en\\\/?s={search_term_string}\"},\"query-input\":{\"@type\":\"PropertyValueSpecification\",\"valueRequired\":true,\"valueName\":\"search_term_string\"}}],\"inLanguage\":\"en-US\"},{\"@type\":[\"Person\",\"Organization\"],\"@id\":\"https:\\\/\\\/alfatherm.com\\\/en\\\/#\\\/schema\\\/person\\\/43a4039130a8c3abb916afb0654ae1bf\",\"name\":\"mox-alfa2024\",\"image\":{\"@type\":\"ImageObject\",\"inLanguage\":\"en-US\",\"@id\":\"https:\\\/\\\/alfatherm.com\\\/wp-content\\\/uploads\\\/2024\\\/05\\\/logo.png\",\"url\":\"https:\\\/\\\/alfatherm.com\\\/wp-content\\\/uploads\\\/2024\\\/05\\\/logo.png\",\"contentUrl\":\"https:\\\/\\\/alfatherm.com\\\/wp-content\\\/uploads\\\/2024\\\/05\\\/logo.png\",\"width\":500,\"height\":96,\"caption\":\"mox-alfa2024\"},\"logo\":{\"@id\":\"https:\\\/\\\/alfatherm.com\\\/wp-content\\\/uploads\\\/2024\\\/05\\\/logo.png\"},\"sameAs\":[\"https:\\\/\\\/alfatherm.com\"]}]}<\/script>\n<!-- \/ Yoast SEO plugin. -->","yoast_head_json":{"title":"Sustainability - Alfa Therm","description":"Kroz ekolo\u0161ku odgovornost, brigu o ljudima i transparentno upravljanje stvaramo dugoro\u010dnu vrijednost za zajednicu i okoli\u0161.","robots":{"index":"index","follow":"follow","max-snippet":"max-snippet:-1","max-image-preview":"max-image-preview:large","max-video-preview":"max-video-preview:-1"},"canonical":"https:\/\/alfatherm.com\/en\/sustainability\/","og_locale":"en_US","og_type":"article","og_title":"Sustainability - Alfa Therm","og_description":"Kroz ekolo\u0161ku odgovornost, brigu o ljudima i transparentno upravljanje stvaramo dugoro\u010dnu vrijednost za zajednicu i okoli\u0161.","og_url":"https:\/\/alfatherm.com\/en\/sustainability\/","og_site_name":"Alfa Therm","article_modified_time":"2026-03-27T09:00:21+00:00","og_image":[{"width":2560,"height":2560,"url":"https:\/\/alfatherm.com\/wp-content\/uploads\/2025\/01\/person-is-using-ipad-with-word-land-screen-scaled.jpg","type":"image\/jpeg"}],"twitter_card":"summary_large_image","twitter_misc":{"Est. reading time":"3 minutes"},"schema":{"@context":"https:\/\/schema.org","@graph":[{"@type":"WebPage","@id":"https:\/\/alfatherm.com\/en\/sustainability\/","url":"https:\/\/alfatherm.com\/en\/sustainability\/","name":"Sustainability - Alfa Therm","isPartOf":{"@id":"https:\/\/alfatherm.com\/en\/#website"},"primaryImageOfPage":{"@id":"https:\/\/alfatherm.com\/en\/sustainability\/#primaryimage"},"image":{"@id":"https:\/\/alfatherm.com\/en\/sustainability\/#primaryimage"},"thumbnailUrl":"https:\/\/alfatherm.com\/wp-content\/uploads\/2025\/01\/person-is-using-ipad-with-word-land-screen-scaled.jpg","datePublished":"2025-06-11T11:58:56+00:00","dateModified":"2026-03-27T09:00:21+00:00","description":"Kroz ekolo\u0161ku odgovornost, brigu o ljudima i transparentno upravljanje stvaramo dugoro\u010dnu vrijednost za zajednicu i okoli\u0161.","breadcrumb":{"@id":"https:\/\/alfatherm.com\/en\/sustainability\/#breadcrumb"},"inLanguage":"en-US","potentialAction":[{"@type":"ReadAction","target":["https:\/\/alfatherm.com\/en\/sustainability\/"]}]},{"@type":"ImageObject","inLanguage":"en-US","@id":"https:\/\/alfatherm.com\/en\/sustainability\/#primaryimage","url":"https:\/\/alfatherm.com\/wp-content\/uploads\/2025\/01\/person-is-using-ipad-with-word-land-screen-scaled.jpg","contentUrl":"https:\/\/alfatherm.com\/wp-content\/uploads\/2025\/01\/person-is-using-ipad-with-word-land-screen-scaled.jpg","width":2560,"height":2560},{"@type":"BreadcrumbList","@id":"https:\/\/alfatherm.com\/en\/sustainability\/#breadcrumb","itemListElement":[{"@type":"ListItem","position":1,"name":"Home","item":"https:\/\/alfatherm.com\/en\/"},{"@type":"ListItem","position":2,"name":"Sustainability"}]},{"@type":"WebSite","@id":"https:\/\/alfatherm.com\/en\/#website","url":"https:\/\/alfatherm.com\/en\/","name":"Alfa Therm","description":"Cjelovita termoenergetska rje\u0161enja","publisher":{"@id":"https:\/\/alfatherm.com\/en\/#\/schema\/person\/43a4039130a8c3abb916afb0654ae1bf"},"potentialAction":[{"@type":"SearchAction","target":{"@type":"EntryPoint","urlTemplate":"https:\/\/alfatherm.com\/en\/?s={search_term_string}"},"query-input":{"@type":"PropertyValueSpecification","valueRequired":true,"valueName":"search_term_string"}}],"inLanguage":"en-US"},{"@type":["Person","Organization"],"@id":"https:\/\/alfatherm.com\/en\/#\/schema\/person\/43a4039130a8c3abb916afb0654ae1bf","name":"mox-alfa2024","image":{"@type":"ImageObject","inLanguage":"en-US","@id":"https:\/\/alfatherm.com\/wp-content\/uploads\/2024\/05\/logo.png","url":"https:\/\/alfatherm.com\/wp-content\/uploads\/2024\/05\/logo.png","contentUrl":"https:\/\/alfatherm.com\/wp-content\/uploads\/2024\/05\/logo.png","width":500,"height":96,"caption":"mox-alfa2024"},"logo":{"@id":"https:\/\/alfatherm.com\/wp-content\/uploads\/2024\/05\/logo.png"},"sameAs":["https:\/\/alfatherm.com"]}]}},"_links":{"self":[{"href":"https:\/\/alfatherm.com\/en\/wp-json\/wp\/v2\/pages\/12472","targetHints":{"allow":["GET"]}}],"collection":[{"href":"https:\/\/alfatherm.com\/en\/wp-json\/wp\/v2\/pages"}],"about":[{"href":"https:\/\/alfatherm.com\/en\/wp-json\/wp\/v2\/types\/page"}],"author":[{"embeddable":true,"href":"https:\/\/alfatherm.com\/en\/wp-json\/wp\/v2\/users\/1"}],"replies":[{"embeddable":true,"href":"https:\/\/alfatherm.com\/en\/wp-json\/wp\/v2\/comments?post=12472"}],"version-history":[{"count":16,"href":"https:\/\/alfatherm.com\/en\/wp-json\/wp\/v2\/pages\/12472\/revisions"}],"predecessor-version":[{"id":14318,"href":"https:\/\/alfatherm.com\/en\/wp-json\/wp\/v2\/pages\/12472\/revisions\/14318"}],"wp:featuredmedia":[{"embeddable":true,"href":"https:\/\/alfatherm.com\/en\/wp-json\/wp\/v2\/media\/11098"}],"wp:attachment":[{"href":"https:\/\/alfatherm.com\/en\/wp-json\/wp\/v2\/media?parent=12472"}],"curies":[{"name":"wp","href":"https:\/\/api.w.org\/{rel}","templated":true}]}}