{"id":14241,"date":"2026-03-21T12:02:32","date_gmt":"2026-03-21T12:02:32","guid":{"rendered":"https:\/\/alfatherm.com\/hotel-sumratin\/"},"modified":"2026-03-23T07:44:40","modified_gmt":"2026-03-23T07:44:40","slug":"hotel-sumratin","status":"publish","type":"page","link":"https:\/\/alfatherm.com\/en\/hotel-sumratin\/","title":{"rendered":"Hotel Sumratin"},"content":{"rendered":"\t\t<div data-elementor-type=\"wp-page\" data-elementor-id=\"14241\" class=\"elementor elementor-14241 elementor-14154\" data-elementor-post-type=\"page\">\n\t\t\t\t\t\t<section class=\"elementor-section elementor-top-section elementor-element elementor-element-5e9bc78 qodef-elementor-content-grid elementor-section-boxed elementor-section-height-default elementor-section-height-default\" data-id=\"5e9bc78\" data-element_type=\"section\" data-e-type=\"section\">\n\t\t\t\t\t\t<div class=\"elementor-container elementor-column-gap-default\">\n\t\t\t\t\t<div class=\"elementor-column elementor-col-50 elementor-top-column elementor-element elementor-element-86ae85b elementor-invisible\" data-id=\"86ae85b\" data-element_type=\"column\" data-e-type=\"column\" data-settings=\"{&quot;background_background&quot;:&quot;classic&quot;,&quot;animation&quot;:&quot;slideInLeft&quot;}\">\n\t\t\t<div class=\"elementor-widget-wrap elementor-element-populated\">\n\t\t\t\t\t\t<div class=\"elementor-element elementor-element-bffa98c elementor-widget elementor-widget-image\" data-id=\"bffa98c\" data-element_type=\"widget\" data-e-type=\"widget\" data-widget_type=\"image.default\">\n\t\t\t\t<div class=\"elementor-widget-container\">\n\t\t\t\t\t\t\t\t\t\t\t\t\t\t\t<img fetchpriority=\"high\" decoding=\"async\" width=\"900\" height=\"900\" src=\"https:\/\/alfatherm.com\/wp-content\/uploads\/2026\/03\/sumratin.jpg\" class=\"attachment-large size-large wp-image-14242\" alt=\"\" srcset=\"https:\/\/alfatherm.com\/wp-content\/uploads\/2026\/03\/sumratin.jpg 900w, https:\/\/alfatherm.com\/wp-content\/uploads\/2026\/03\/sumratin-300x300.jpg 300w, https:\/\/alfatherm.com\/wp-content\/uploads\/2026\/03\/sumratin-150x150.jpg 150w, https:\/\/alfatherm.com\/wp-content\/uploads\/2026\/03\/sumratin-768x768.jpg 768w, https:\/\/alfatherm.com\/wp-content\/uploads\/2026\/03\/sumratin-650x650.jpg 650w, https:\/\/alfatherm.com\/wp-content\/uploads\/2026\/03\/sumratin-82x82.jpg 82w\" sizes=\"(max-width: 900px) 100vw, 900px\" \/>\t\t\t\t\t\t\t\t\t\t\t\t\t\t\t<\/div>\n\t\t\t\t<\/div>\n\t\t\t\t\t<\/div>\n\t\t<\/div>\n\t\t\t\t<div class=\"elementor-column elementor-col-50 elementor-top-column elementor-element elementor-element-06d2ca7 elementor-invisible\" data-id=\"06d2ca7\" data-element_type=\"column\" data-e-type=\"column\" data-settings=\"{&quot;background_background&quot;:&quot;classic&quot;,&quot;animation&quot;:&quot;slideInRight&quot;}\">\n\t\t\t<div class=\"elementor-widget-wrap elementor-element-populated\">\n\t\t\t\t\t\t<div class=\"elementor-element elementor-element-a956883 elementor-widget elementor-widget-stal_core_section_title\" data-id=\"a956883\" data-element_type=\"widget\" data-e-type=\"widget\" data-widget_type=\"stal_core_section_title.default\">\n\t\t\t\t<div class=\"elementor-widget-container\">\n\t\t\t\t\t<div class=\"qodef-shortcode qodef-m  qodef-section-title qodef-alignment--left  \">\n\t\t<div class=\"qodef-m-title-wrap\">\n\t\t<h2 class=\"qodef-m-title\" >\n\t\t\t\t\tHotel Sumratin\t\t\t<\/h2>\n\t\n\t<\/div>\n\t<\/div>\t\t\t\t<\/div>\n\t\t\t\t<\/div>\n\t\t\t\t<div class=\"elementor-element elementor-element-862bf91 elementor-widget elementor-widget-text-editor\" data-id=\"862bf91\" data-element_type=\"widget\" data-e-type=\"widget\" data-widget_type=\"text-editor.default\">\n\t\t\t\t<div class=\"elementor-widget-container\">\n\t\t\t\t\t\t\t\t\t<p><strong>CITY\/COUNTRY:<\/strong><br \/>Dubrovnik\/Croatia<\/p>\t\t\t\t\t\t\t\t<\/div>\n\t\t\t\t<\/div>\n\t\t\t\t<div class=\"elementor-element elementor-element-e286ca5 elementor-widget elementor-widget-text-editor\" data-id=\"e286ca5\" data-element_type=\"widget\" data-e-type=\"widget\" data-widget_type=\"text-editor.default\">\n\t\t\t\t<div class=\"elementor-widget-container\">\n\t\t\t\t\t\t\t\t\t<p><strong>AREA:<\/strong><br \/>15.550 m<sup>2<\/sup><\/p>\t\t\t\t\t\t\t\t<\/div>\n\t\t\t\t<\/div>\n\t\t\t\t<div class=\"elementor-element elementor-element-109157e elementor-widget elementor-widget-text-editor\" data-id=\"109157e\" data-element_type=\"widget\" data-e-type=\"widget\" data-widget_type=\"text-editor.default\">\n\t\t\t\t<div class=\"elementor-widget-container\">\n\t\t\t\t\t\t\t\t\t<p><strong>TYPE OF WORK:<\/strong><br \/>HVAC\/BMS installation<\/p>\t\t\t\t\t\t\t\t<\/div>\n\t\t\t\t<\/div>\n\t\t\t\t\t<\/div>\n\t\t<\/div>\n\t\t\t\t\t<\/div>\n\t\t<\/section>\n\t\t\t\t<section class=\"elementor-section elementor-top-section elementor-element elementor-element-b25962d qodef-elementor-content-grid elementor-section-boxed elementor-section-height-default elementor-section-height-default\" data-id=\"b25962d\" data-element_type=\"section\" data-e-type=\"section\" data-settings=\"{&quot;background_background&quot;:&quot;classic&quot;}\">\n\t\t\t\t\t\t<div class=\"elementor-container elementor-column-gap-default\">\n\t\t\t\t\t<div class=\"elementor-column elementor-col-100 elementor-top-column elementor-element elementor-element-89fcfdf\" data-id=\"89fcfdf\" data-element_type=\"column\" data-e-type=\"column\">\n\t\t\t<div class=\"elementor-widget-wrap elementor-element-populated\">\n\t\t\t\t\t\t<div class=\"elementor-element elementor-element-56711dd elementor-widget elementor-widget-text-editor\" data-id=\"56711dd\" data-element_type=\"widget\" data-e-type=\"widget\" data-widget_type=\"text-editor.default\">\n\t\t\t\t<div class=\"elementor-widget-container\">\n\t\t\t\t\t\t\t\t\t<p><strong>ABBREVIATIONS:<\/strong><br \/>HVAC \u2013 Heating, Ventilation and Air Conditioning<br \/>BMS \u2013 Building Management System<br \/>BU \u2013 Black Utilities<\/p>\t\t\t\t\t\t\t\t<\/div>\n\t\t\t\t<\/div>\n\t\t\t\t\t<\/div>\n\t\t<\/div>\n\t\t\t\t\t<\/div>\n\t\t<\/section>\n\t\t\t\t<section class=\"elementor-section elementor-top-section elementor-element elementor-element-7741f69 elementor-section-boxed elementor-section-height-default elementor-section-height-default qodef-elementor-content-no\" data-id=\"7741f69\" data-element_type=\"section\" data-e-type=\"section\" data-settings=\"{&quot;background_background&quot;:&quot;classic&quot;}\">\n\t\t\t\t\t\t<div class=\"elementor-container elementor-column-gap-default\">\n\t\t\t\t\t<div class=\"elementor-column elementor-col-25 elementor-top-column elementor-element elementor-element-05419a3\" data-id=\"05419a3\" data-element_type=\"column\" data-e-type=\"column\">\n\t\t\t<div class=\"elementor-widget-wrap elementor-element-populated\">\n\t\t\t\t\t\t<div class=\"elementor-element elementor-element-4c003a7 e-transform elementor-widget elementor-widget-stal_core_image_with_text\" data-id=\"4c003a7\" data-element_type=\"widget\" data-e-type=\"widget\" data-settings=\"{&quot;_transform_scale_effect_hover&quot;:{&quot;unit&quot;:&quot;px&quot;,&quot;size&quot;:1.100000000000000088817841970012523233890533447265625,&quot;sizes&quot;:[]},&quot;_transform_scale_effect_hover_tablet&quot;:{&quot;unit&quot;:&quot;px&quot;,&quot;size&quot;:&quot;&quot;,&quot;sizes&quot;:[]},&quot;_transform_scale_effect_hover_mobile&quot;:{&quot;unit&quot;:&quot;px&quot;,&quot;size&quot;:&quot;&quot;,&quot;sizes&quot;:[]}}\" data-widget_type=\"stal_core_image_with_text.default\">\n\t\t\t\t<div class=\"elementor-widget-container\">\n\t\t\t\t\t<div class=\"qodef-shortcode qodef-m  qodef-image-with-text qodef-layout--text-below qodef--shadow-enabled qodef--with-link\">\n\t<div class=\"qodef-m-image\">\n\t\t\t<a itemprop=\"url\" href=\"https:\/\/alfatherm.com\/aminess-khalani-hotel\/\" target=\"_self\">\n\t    \t\t<img decoding=\"async\" width=\"900\" height=\"900\" src=\"https:\/\/alfatherm.com\/wp-content\/uploads\/2024\/08\/khalani-1.jpg\" class=\"attachment-full size-full\" alt=\"\" srcset=\"https:\/\/alfatherm.com\/wp-content\/uploads\/2024\/08\/khalani-1.jpg 900w, https:\/\/alfatherm.com\/wp-content\/uploads\/2024\/08\/khalani-1-300x300.jpg 300w, https:\/\/alfatherm.com\/wp-content\/uploads\/2024\/08\/khalani-1-150x150.jpg 150w, https:\/\/alfatherm.com\/wp-content\/uploads\/2024\/08\/khalani-1-768x768.jpg 768w, https:\/\/alfatherm.com\/wp-content\/uploads\/2024\/08\/khalani-1-650x650.jpg 650w, https:\/\/alfatherm.com\/wp-content\/uploads\/2024\/08\/khalani-1-82x82.jpg 82w\" sizes=\"(max-width: 900px) 100vw, 900px\" \/>    \t\t\t<\/a>\n\t<\/div>\t<div class=\"qodef-m-content\">\n\t\t\t<h4 class=\"qodef-m-title\" style=\"margin-top: 20px\">\n\t\t\t\t\t<a itemprop=\"url\" href=\"https:\/\/alfatherm.com\/aminess-khalani-hotel\/\" target=\"_self\">\n\t\t\t\t\tAminess Khalani Hotel\t\t\t\t\t<\/a>\n\t\t\t<\/h4>\n\t\t\t<\/div>\n<\/div>\t\t\t\t<\/div>\n\t\t\t\t<\/div>\n\t\t\t\t\t<\/div>\n\t\t<\/div>\n\t\t\t\t<div class=\"elementor-column elementor-col-25 elementor-top-column elementor-element elementor-element-4e2e2c0\" data-id=\"4e2e2c0\" data-element_type=\"column\" data-e-type=\"column\">\n\t\t\t<div class=\"elementor-widget-wrap elementor-element-populated\">\n\t\t\t\t\t\t<div class=\"elementor-element elementor-element-2181c84 e-transform elementor-widget elementor-widget-stal_core_image_with_text\" data-id=\"2181c84\" data-element_type=\"widget\" data-e-type=\"widget\" data-settings=\"{&quot;_transform_scale_effect_hover&quot;:{&quot;unit&quot;:&quot;px&quot;,&quot;size&quot;:1.100000000000000088817841970012523233890533447265625,&quot;sizes&quot;:[]},&quot;_transform_scale_effect_hover_tablet&quot;:{&quot;unit&quot;:&quot;px&quot;,&quot;size&quot;:&quot;&quot;,&quot;sizes&quot;:[]},&quot;_transform_scale_effect_hover_mobile&quot;:{&quot;unit&quot;:&quot;px&quot;,&quot;size&quot;:&quot;&quot;,&quot;sizes&quot;:[]}}\" data-widget_type=\"stal_core_image_with_text.default\">\n\t\t\t\t<div class=\"elementor-widget-container\">\n\t\t\t\t\t<div class=\"qodef-shortcode qodef-m  qodef-image-with-text qodef-layout--text-below qodef--shadow-enabled qodef--with-link\">\n\t<div class=\"qodef-m-image\">\n\t\t\t<a itemprop=\"url\" href=\"https:\/\/alfatherm.com\/zracna-luka-ruder-boskovic\/\" target=\"_self\">\n\t    \t\t<img decoding=\"async\" width=\"900\" height=\"900\" src=\"https:\/\/alfatherm.com\/wp-content\/uploads\/2024\/08\/aerodrom-1.jpg\" class=\"attachment-full size-full\" alt=\"\" srcset=\"https:\/\/alfatherm.com\/wp-content\/uploads\/2024\/08\/aerodrom-1.jpg 900w, https:\/\/alfatherm.com\/wp-content\/uploads\/2024\/08\/aerodrom-1-300x300.jpg 300w, https:\/\/alfatherm.com\/wp-content\/uploads\/2024\/08\/aerodrom-1-150x150.jpg 150w, https:\/\/alfatherm.com\/wp-content\/uploads\/2024\/08\/aerodrom-1-768x768.jpg 768w, https:\/\/alfatherm.com\/wp-content\/uploads\/2024\/08\/aerodrom-1-650x650.jpg 650w, https:\/\/alfatherm.com\/wp-content\/uploads\/2024\/08\/aerodrom-1-82x82.jpg 82w\" sizes=\"(max-width: 900px) 100vw, 900px\" \/>    \t\t\t<\/a>\n\t<\/div>\t<div class=\"qodef-m-content\">\n\t\t\t<h4 class=\"qodef-m-title\" style=\"margin-top: 20px\">\n\t\t\t\t\t<a itemprop=\"url\" href=\"https:\/\/alfatherm.com\/zracna-luka-ruder-boskovic\/\" target=\"_self\">\n\t\t\t\t\tZra\u010dna luka Ru\u0111er Bo\u0161kovi\u0107\t\t\t\t\t<\/a>\n\t\t\t<\/h4>\n\t\t\t<\/div>\n<\/div>\t\t\t\t<\/div>\n\t\t\t\t<\/div>\n\t\t\t\t\t<\/div>\n\t\t<\/div>\n\t\t\t\t<div class=\"elementor-column elementor-col-25 elementor-top-column elementor-element elementor-element-006a78d\" data-id=\"006a78d\" data-element_type=\"column\" data-e-type=\"column\">\n\t\t\t<div class=\"elementor-widget-wrap elementor-element-populated\">\n\t\t\t\t\t\t<div class=\"elementor-element elementor-element-0515004 e-transform elementor-widget elementor-widget-stal_core_image_with_text\" data-id=\"0515004\" data-element_type=\"widget\" data-e-type=\"widget\" data-settings=\"{&quot;_transform_scale_effect_hover&quot;:{&quot;unit&quot;:&quot;px&quot;,&quot;size&quot;:1.100000000000000088817841970012523233890533447265625,&quot;sizes&quot;:[]},&quot;_transform_scale_effect_hover_tablet&quot;:{&quot;unit&quot;:&quot;px&quot;,&quot;size&quot;:&quot;&quot;,&quot;sizes&quot;:[]},&quot;_transform_scale_effect_hover_mobile&quot;:{&quot;unit&quot;:&quot;px&quot;,&quot;size&quot;:&quot;&quot;,&quot;sizes&quot;:[]}}\" data-widget_type=\"stal_core_image_with_text.default\">\n\t\t\t\t<div class=\"elementor-widget-container\">\n\t\t\t\t\t<div class=\"qodef-shortcode qodef-m  qodef-image-with-text qodef-layout--text-below qodef--shadow-enabled qodef--with-link\">\n\t<div class=\"qodef-m-image\">\n\t\t\t<a itemprop=\"url\" href=\"https:\/\/alfatherm.com\/valamar-tirena\/\" target=\"_self\">\n\t    \t\t<img loading=\"lazy\" decoding=\"async\" width=\"900\" height=\"900\" src=\"https:\/\/alfatherm.com\/wp-content\/uploads\/2024\/08\/valamar-1.jpg\" class=\"attachment-full size-full\" alt=\"\" srcset=\"https:\/\/alfatherm.com\/wp-content\/uploads\/2024\/08\/valamar-1.jpg 900w, https:\/\/alfatherm.com\/wp-content\/uploads\/2024\/08\/valamar-1-300x300.jpg 300w, https:\/\/alfatherm.com\/wp-content\/uploads\/2024\/08\/valamar-1-150x150.jpg 150w, https:\/\/alfatherm.com\/wp-content\/uploads\/2024\/08\/valamar-1-768x768.jpg 768w, https:\/\/alfatherm.com\/wp-content\/uploads\/2024\/08\/valamar-1-650x650.jpg 650w, https:\/\/alfatherm.com\/wp-content\/uploads\/2024\/08\/valamar-1-82x82.jpg 82w\" sizes=\"(max-width: 900px) 100vw, 900px\" \/>    \t\t\t<\/a>\n\t<\/div>\t<div class=\"qodef-m-content\">\n\t\t\t<h4 class=\"qodef-m-title\" style=\"margin-top: 20px\">\n\t\t\t\t\t<a itemprop=\"url\" href=\"https:\/\/alfatherm.com\/valamar-tirena\/\" target=\"_self\">\n\t\t\t\t\tValamar Tirena\t\t\t\t\t<\/a>\n\t\t\t<\/h4>\n\t\t\t<\/div>\n<\/div>\t\t\t\t<\/div>\n\t\t\t\t<\/div>\n\t\t\t\t\t<\/div>\n\t\t<\/div>\n\t\t\t\t<div class=\"elementor-column elementor-col-25 elementor-top-column elementor-element elementor-element-b2df5b6\" data-id=\"b2df5b6\" data-element_type=\"column\" data-e-type=\"column\">\n\t\t\t<div class=\"elementor-widget-wrap elementor-element-populated\">\n\t\t\t\t\t\t<div class=\"elementor-element elementor-element-2679912 e-transform elementor-widget elementor-widget-stal_core_image_with_text\" data-id=\"2679912\" data-element_type=\"widget\" data-e-type=\"widget\" data-settings=\"{&quot;_transform_scale_effect_hover&quot;:{&quot;unit&quot;:&quot;px&quot;,&quot;size&quot;:1.100000000000000088817841970012523233890533447265625,&quot;sizes&quot;:[]},&quot;_transform_scale_effect_hover_tablet&quot;:{&quot;unit&quot;:&quot;px&quot;,&quot;size&quot;:&quot;&quot;,&quot;sizes&quot;:[]},&quot;_transform_scale_effect_hover_mobile&quot;:{&quot;unit&quot;:&quot;px&quot;,&quot;size&quot;:&quot;&quot;,&quot;sizes&quot;:[]}}\" data-widget_type=\"stal_core_image_with_text.default\">\n\t\t\t\t<div class=\"elementor-widget-container\">\n\t\t\t\t\t<div class=\"qodef-shortcode qodef-m  qodef-image-with-text qodef-layout--text-below qodef--shadow-enabled qodef--with-link\">\n\t<div class=\"qodef-m-image\">\n\t\t\t<a itemprop=\"url\" href=\"https:\/\/alfatherm.com\/royal-hotels-resort\/\" target=\"_self\">\n\t    \t\t<img loading=\"lazy\" decoding=\"async\" width=\"900\" height=\"900\" src=\"https:\/\/alfatherm.com\/wp-content\/uploads\/2024\/08\/royal-1.jpg\" class=\"attachment-full size-full\" alt=\"\" srcset=\"https:\/\/alfatherm.com\/wp-content\/uploads\/2024\/08\/royal-1.jpg 900w, https:\/\/alfatherm.com\/wp-content\/uploads\/2024\/08\/royal-1-300x300.jpg 300w, https:\/\/alfatherm.com\/wp-content\/uploads\/2024\/08\/royal-1-150x150.jpg 150w, https:\/\/alfatherm.com\/wp-content\/uploads\/2024\/08\/royal-1-768x768.jpg 768w, https:\/\/alfatherm.com\/wp-content\/uploads\/2024\/08\/royal-1-650x650.jpg 650w, https:\/\/alfatherm.com\/wp-content\/uploads\/2024\/08\/royal-1-82x82.jpg 82w\" sizes=\"(max-width: 900px) 100vw, 900px\" \/>    \t\t\t<\/a>\n\t<\/div>\t<div class=\"qodef-m-content\">\n\t\t\t<h4 class=\"qodef-m-title\" style=\"margin-top: 20px\">\n\t\t\t\t\t<a itemprop=\"url\" href=\"https:\/\/alfatherm.com\/royal-hotels-resort\/\" target=\"_self\">\n\t\t\t\t\tRoyal Hotels &amp; Resort\t\t\t\t\t<\/a>\n\t\t\t<\/h4>\n\t\t\t<\/div>\n<\/div>\t\t\t\t<\/div>\n\t\t\t\t<\/div>\n\t\t\t\t\t<\/div>\n\t\t<\/div>\n\t\t\t\t\t<\/div>\n\t\t<\/section>\n\t\t\t\t<\/div>\n\t\t","protected":false},"excerpt":{"rendered":"<p>Hotel Sumratin CITY\/COUNTRY:Dubrovnik\/Croatia AREA:15.550 m2 TYPE OF WORK:HVAC\/BMS installation ABBREVIATIONS:HVAC \u2013 Heating, Ventilation and Air ConditioningBMS \u2013 Building Management SystemBU \u2013 Black Utilities Aminess Khalani Hotel Zra\u010dna luka Ru\u0111er Bo\u0161kovi\u0107 Valamar Tirena Royal Hotels &amp; Resort<\/p>\n","protected":false},"author":1,"featured_media":0,"parent":0,"menu_order":0,"comment_status":"closed","ping_status":"closed","template":"page-full-width.php","meta":{"content-type":"","footnotes":""},"class_list":["post-14241","page","type-page","status-publish","hentry"],"yoast_head":"<!-- This site is optimized with the Yoast SEO plugin v27.3 - https:\/\/yoast.com\/product\/yoast-seo-wordpress\/ -->\n<title>Hotel Sumratin - Alfa Therm<\/title>\n<meta name=\"robots\" content=\"index, follow, max-snippet:-1, max-image-preview:large, max-video-preview:-1\" \/>\n<link rel=\"canonical\" href=\"https:\/\/alfatherm.com\/en\/hotel-sumratin\/\" \/>\n<meta property=\"og:locale\" content=\"en_US\" \/>\n<meta property=\"og:type\" content=\"article\" \/>\n<meta property=\"og:title\" content=\"Hotel Sumratin - Alfa Therm\" \/>\n<meta property=\"og:description\" content=\"Hotel Sumratin CITY\/COUNTRY:Dubrovnik\/Croatia AREA:15.550 m2 TYPE OF WORK:HVAC\/BMS installation ABBREVIATIONS:HVAC \u2013 Heating, Ventilation and Air ConditioningBMS \u2013 Building Management SystemBU \u2013 Black Utilities Aminess Khalani Hotel Zra\u010dna luka Ru\u0111er Bo\u0161kovi\u0107 Valamar Tirena Royal Hotels &amp; Resort\" \/>\n<meta property=\"og:url\" content=\"https:\/\/alfatherm.com\/en\/hotel-sumratin\/\" \/>\n<meta property=\"og:site_name\" content=\"Alfa Therm\" \/>\n<meta property=\"article:modified_time\" content=\"2026-03-23T07:44:40+00:00\" \/>\n<meta property=\"og:image\" content=\"https:\/\/alfatherm.com\/wp-content\/uploads\/2026\/03\/sumratin.jpg\" \/>\n\t<meta property=\"og:image:width\" content=\"900\" \/>\n\t<meta property=\"og:image:height\" content=\"900\" \/>\n\t<meta property=\"og:image:type\" content=\"image\/jpeg\" \/>\n<meta name=\"twitter:card\" content=\"summary_large_image\" \/>\n<meta name=\"twitter:label1\" content=\"Est. reading time\" \/>\n\t<meta name=\"twitter:data1\" content=\"2 minutes\" \/>\n<script type=\"application\/ld+json\" class=\"yoast-schema-graph\">{\"@context\":\"https:\\\/\\\/schema.org\",\"@graph\":[{\"@type\":\"WebPage\",\"@id\":\"https:\\\/\\\/alfatherm.com\\\/en\\\/hotel-sumratin\\\/\",\"url\":\"https:\\\/\\\/alfatherm.com\\\/en\\\/hotel-sumratin\\\/\",\"name\":\"Hotel Sumratin - Alfa Therm\",\"isPartOf\":{\"@id\":\"https:\\\/\\\/alfatherm.com\\\/en\\\/#website\"},\"primaryImageOfPage\":{\"@id\":\"https:\\\/\\\/alfatherm.com\\\/en\\\/hotel-sumratin\\\/#primaryimage\"},\"image\":{\"@id\":\"https:\\\/\\\/alfatherm.com\\\/en\\\/hotel-sumratin\\\/#primaryimage\"},\"thumbnailUrl\":\"https:\\\/\\\/alfatherm.com\\\/wp-content\\\/uploads\\\/2026\\\/03\\\/sumratin.jpg\",\"datePublished\":\"2026-03-21T12:02:32+00:00\",\"dateModified\":\"2026-03-23T07:44:40+00:00\",\"breadcrumb\":{\"@id\":\"https:\\\/\\\/alfatherm.com\\\/en\\\/hotel-sumratin\\\/#breadcrumb\"},\"inLanguage\":\"en-US\",\"potentialAction\":[{\"@type\":\"ReadAction\",\"target\":[\"https:\\\/\\\/alfatherm.com\\\/en\\\/hotel-sumratin\\\/\"]}]},{\"@type\":\"ImageObject\",\"inLanguage\":\"en-US\",\"@id\":\"https:\\\/\\\/alfatherm.com\\\/en\\\/hotel-sumratin\\\/#primaryimage\",\"url\":\"https:\\\/\\\/alfatherm.com\\\/wp-content\\\/uploads\\\/2026\\\/03\\\/sumratin.jpg\",\"contentUrl\":\"https:\\\/\\\/alfatherm.com\\\/wp-content\\\/uploads\\\/2026\\\/03\\\/sumratin.jpg\"},{\"@type\":\"BreadcrumbList\",\"@id\":\"https:\\\/\\\/alfatherm.com\\\/en\\\/hotel-sumratin\\\/#breadcrumb\",\"itemListElement\":[{\"@type\":\"ListItem\",\"position\":1,\"name\":\"Home\",\"item\":\"https:\\\/\\\/alfatherm.com\\\/en\\\/\"},{\"@type\":\"ListItem\",\"position\":2,\"name\":\"Hotel Sumratin\"}]},{\"@type\":\"WebSite\",\"@id\":\"https:\\\/\\\/alfatherm.com\\\/en\\\/#website\",\"url\":\"https:\\\/\\\/alfatherm.com\\\/en\\\/\",\"name\":\"Alfa Therm\",\"description\":\"Cjelovita termoenergetska rje\u0161enja\",\"publisher\":{\"@id\":\"https:\\\/\\\/alfatherm.com\\\/en\\\/#\\\/schema\\\/person\\\/43a4039130a8c3abb916afb0654ae1bf\"},\"potentialAction\":[{\"@type\":\"SearchAction\",\"target\":{\"@type\":\"EntryPoint\",\"urlTemplate\":\"https:\\\/\\\/alfatherm.com\\\/en\\\/?s={search_term_string}\"},\"query-input\":{\"@type\":\"PropertyValueSpecification\",\"valueRequired\":true,\"valueName\":\"search_term_string\"}}],\"inLanguage\":\"en-US\"},{\"@type\":[\"Person\",\"Organization\"],\"@id\":\"https:\\\/\\\/alfatherm.com\\\/en\\\/#\\\/schema\\\/person\\\/43a4039130a8c3abb916afb0654ae1bf\",\"name\":\"mox-alfa2024\",\"image\":{\"@type\":\"ImageObject\",\"inLanguage\":\"en-US\",\"@id\":\"https:\\\/\\\/alfatherm.com\\\/wp-content\\\/uploads\\\/2024\\\/05\\\/logo.png\",\"url\":\"https:\\\/\\\/alfatherm.com\\\/wp-content\\\/uploads\\\/2024\\\/05\\\/logo.png\",\"contentUrl\":\"https:\\\/\\\/alfatherm.com\\\/wp-content\\\/uploads\\\/2024\\\/05\\\/logo.png\",\"width\":500,\"height\":96,\"caption\":\"mox-alfa2024\"},\"logo\":{\"@id\":\"https:\\\/\\\/alfatherm.com\\\/wp-content\\\/uploads\\\/2024\\\/05\\\/logo.png\"},\"sameAs\":[\"https:\\\/\\\/alfatherm.com\"]}]}<\/script>\n<!-- \/ Yoast SEO plugin. -->","yoast_head_json":{"title":"Hotel Sumratin - Alfa Therm","robots":{"index":"index","follow":"follow","max-snippet":"max-snippet:-1","max-image-preview":"max-image-preview:large","max-video-preview":"max-video-preview:-1"},"canonical":"https:\/\/alfatherm.com\/en\/hotel-sumratin\/","og_locale":"en_US","og_type":"article","og_title":"Hotel Sumratin - Alfa Therm","og_description":"Hotel Sumratin CITY\/COUNTRY:Dubrovnik\/Croatia AREA:15.550 m2 TYPE OF WORK:HVAC\/BMS installation ABBREVIATIONS:HVAC \u2013 Heating, Ventilation and Air ConditioningBMS \u2013 Building Management SystemBU \u2013 Black Utilities Aminess Khalani Hotel Zra\u010dna luka Ru\u0111er Bo\u0161kovi\u0107 Valamar Tirena Royal Hotels &amp; Resort","og_url":"https:\/\/alfatherm.com\/en\/hotel-sumratin\/","og_site_name":"Alfa Therm","article_modified_time":"2026-03-23T07:44:40+00:00","og_image":[{"width":900,"height":900,"url":"https:\/\/alfatherm.com\/wp-content\/uploads\/2026\/03\/sumratin.jpg","type":"image\/jpeg"}],"twitter_card":"summary_large_image","twitter_misc":{"Est. reading time":"2 minutes"},"schema":{"@context":"https:\/\/schema.org","@graph":[{"@type":"WebPage","@id":"https:\/\/alfatherm.com\/en\/hotel-sumratin\/","url":"https:\/\/alfatherm.com\/en\/hotel-sumratin\/","name":"Hotel Sumratin - Alfa Therm","isPartOf":{"@id":"https:\/\/alfatherm.com\/en\/#website"},"primaryImageOfPage":{"@id":"https:\/\/alfatherm.com\/en\/hotel-sumratin\/#primaryimage"},"image":{"@id":"https:\/\/alfatherm.com\/en\/hotel-sumratin\/#primaryimage"},"thumbnailUrl":"https:\/\/alfatherm.com\/wp-content\/uploads\/2026\/03\/sumratin.jpg","datePublished":"2026-03-21T12:02:32+00:00","dateModified":"2026-03-23T07:44:40+00:00","breadcrumb":{"@id":"https:\/\/alfatherm.com\/en\/hotel-sumratin\/#breadcrumb"},"inLanguage":"en-US","potentialAction":[{"@type":"ReadAction","target":["https:\/\/alfatherm.com\/en\/hotel-sumratin\/"]}]},{"@type":"ImageObject","inLanguage":"en-US","@id":"https:\/\/alfatherm.com\/en\/hotel-sumratin\/#primaryimage","url":"https:\/\/alfatherm.com\/wp-content\/uploads\/2026\/03\/sumratin.jpg","contentUrl":"https:\/\/alfatherm.com\/wp-content\/uploads\/2026\/03\/sumratin.jpg"},{"@type":"BreadcrumbList","@id":"https:\/\/alfatherm.com\/en\/hotel-sumratin\/#breadcrumb","itemListElement":[{"@type":"ListItem","position":1,"name":"Home","item":"https:\/\/alfatherm.com\/en\/"},{"@type":"ListItem","position":2,"name":"Hotel Sumratin"}]},{"@type":"WebSite","@id":"https:\/\/alfatherm.com\/en\/#website","url":"https:\/\/alfatherm.com\/en\/","name":"Alfa Therm","description":"Cjelovita termoenergetska rje\u0161enja","publisher":{"@id":"https:\/\/alfatherm.com\/en\/#\/schema\/person\/43a4039130a8c3abb916afb0654ae1bf"},"potentialAction":[{"@type":"SearchAction","target":{"@type":"EntryPoint","urlTemplate":"https:\/\/alfatherm.com\/en\/?s={search_term_string}"},"query-input":{"@type":"PropertyValueSpecification","valueRequired":true,"valueName":"search_term_string"}}],"inLanguage":"en-US"},{"@type":["Person","Organization"],"@id":"https:\/\/alfatherm.com\/en\/#\/schema\/person\/43a4039130a8c3abb916afb0654ae1bf","name":"mox-alfa2024","image":{"@type":"ImageObject","inLanguage":"en-US","@id":"https:\/\/alfatherm.com\/wp-content\/uploads\/2024\/05\/logo.png","url":"https:\/\/alfatherm.com\/wp-content\/uploads\/2024\/05\/logo.png","contentUrl":"https:\/\/alfatherm.com\/wp-content\/uploads\/2024\/05\/logo.png","width":500,"height":96,"caption":"mox-alfa2024"},"logo":{"@id":"https:\/\/alfatherm.com\/wp-content\/uploads\/2024\/05\/logo.png"},"sameAs":["https:\/\/alfatherm.com"]}]}},"_links":{"self":[{"href":"https:\/\/alfatherm.com\/en\/wp-json\/wp\/v2\/pages\/14241","targetHints":{"allow":["GET"]}}],"collection":[{"href":"https:\/\/alfatherm.com\/en\/wp-json\/wp\/v2\/pages"}],"about":[{"href":"https:\/\/alfatherm.com\/en\/wp-json\/wp\/v2\/types\/page"}],"author":[{"embeddable":true,"href":"https:\/\/alfatherm.com\/en\/wp-json\/wp\/v2\/users\/1"}],"replies":[{"embeddable":true,"href":"https:\/\/alfatherm.com\/en\/wp-json\/wp\/v2\/comments?post=14241"}],"version-history":[{"count":4,"href":"https:\/\/alfatherm.com\/en\/wp-json\/wp\/v2\/pages\/14241\/revisions"}],"predecessor-version":[{"id":14249,"href":"https:\/\/alfatherm.com\/en\/wp-json\/wp\/v2\/pages\/14241\/revisions\/14249"}],"wp:attachment":[{"href":"https:\/\/alfatherm.com\/en\/wp-json\/wp\/v2\/media?parent=14241"}],"curies":[{"name":"wp","href":"https:\/\/api.w.org\/{rel}","templated":true}]}}